{"id":6365,"date":"2022-09-15T01:05:49","date_gmt":"2022-09-15T01:05:49","guid":{"rendered":"https:\/\/mendomedica.com\/medica\/?post_type=product&#038;p=6365"},"modified":"2022-09-20T02:03:28","modified_gmt":"2022-09-20T02:03:28","slug":"torre-pentax-epki-5010-hd","status":"publish","type":"product","link":"https:\/\/mendomedica.com\/medica\/producto\/torre-pentax-epki-5010-hd\/","title":{"rendered":"Torre Pentax Epki-5010 (HD)"},"content":{"rendered":"<p><strong>Videoprocesador de Alta Definici\u00f3n<\/strong><br \/>\n<strong>PENTAX EPK-i 5010<\/strong><\/p>\n<p>Fuente de Luz 300 Watt de Xen\u00f3n<br \/>\nSoftware interno actualizable.<br \/>\nSistema de filtros electr\u00f3nicos I-scan para detecci\u00f3n de im\u00e1genes en 3 D<br \/>\nOptimizaci\u00f3n de im\u00e1genes y funciones en uso de los endoscopios de CCD de Color de la<br \/>\nSerie-Kp y 70K, 80K, 90K y 90i.<br \/>\nModo \u201cFreeze\u201d Picture in Picture.<br \/>\nBomba de aire de 5 niveles<br \/>\nPalanca de bloqueo del endoscopio<br \/>\nIndicador de Vida de la L\u00e1mpara<br \/>\n1 Salida DVI, 1 Salida RGB\u00b4s, 2 Y\/C, 1 Video compuesto.<br \/>\nConector Serial, Cable AC.<br \/>\nAlmacenamiento de im\u00e1genes en memoria Flash hasta 16Gb. Mediante puerto USB.<br \/>\nConector RJ45 (LAN)<br \/>\n3 Salidas para control remoto<br \/>\n1 Entrada para pedal. (Pedal Opcional)<br \/>\nRegulaci\u00f3n de Rojo\/Azul de 11 niveles.<br \/>\nRealce de contraste, control de color, control de iluminaci\u00f3n.<br \/>\nCompatibilidad con amplia gama de endoscopios PENTAX<\/p>\n<p><strong>Gastroscopio Alta Definici\u00f3n<\/strong><br \/>\n<strong>Videogastroscopio HD PENTAX EG-2990i<\/strong><\/p>\n<p>Di\u00e1metro del tubo de Inserci\u00f3n de 9.8 mm<br \/>\nDi\u00e1metro canal de trabajo de 2.8 mm<br \/>\nLongitud de Trabajo de 1050 mm<br \/>\nAngulo de visi\u00f3n Arriba\/Abajo 210\u00b0 \/ 120\u00b0 Izq\/Der. 120\u00b0\/120\u00b0<br \/>\nVision Frontal<br \/>\nAngulo de Visi\u00f3n de 140\u00b0<\/p>\n<p><strong>Colonoscopio Alta Definici\u00f3n<\/strong><br \/>\n<strong>Videocolonoscopio HD PENTAX EC-3890Li<\/strong><\/p>\n<p>Di\u00e1metro del tubo de Inserci\u00f3n de 13.2 mm<br \/>\nDi\u00e1metro canal de trabajo de 3.8 mm<br \/>\nLongitud de Trabajo de 1700 mm<br \/>\nAngulo de visi\u00f3n Arriba\/Abajo 180\u00b0 \/ 180\u00b0 Izq\/Der. 160\u00b0\/160\u00b0<br \/>\nVision Frontal<br \/>\nAngulo de Visi\u00f3n de 140\u00b0<\/p>\n<p>&nbsp;<\/p>\n<p>&nbsp;<\/p>\n","protected":false},"excerpt":{"rendered":"<p>Torre endoscopia digestiva definici\u00f3n HD.<\/p>\n","protected":false},"featured_media":6366,"comment_status":"open","ping_status":"closed","template":"","meta":[],"product_brand":[],"product_cat":[108,110],"product_tag":[],"class_list":{"0":"post-6365","1":"product","2":"type-product","3":"status-publish","4":"has-post-thumbnail","6":"product_cat-equipamiento","7":"product_cat-reacondicionado-a-nuevo","9":"first","10":"instock","11":"shipping-taxable","12":"product-type-simple"},"_links":{"self":[{"href":"https:\/\/mendomedica.com\/medica\/wp-json\/wp\/v2\/product\/6365","targetHints":{"allow":["GET"]}}],"collection":[{"href":"https:\/\/mendomedica.com\/medica\/wp-json\/wp\/v2\/product"}],"about":[{"href":"https:\/\/mendomedica.com\/medica\/wp-json\/wp\/v2\/types\/product"}],"replies":[{"embeddable":true,"href":"https:\/\/mendomedica.com\/medica\/wp-json\/wp\/v2\/comments?post=6365"}],"wp:featuredmedia":[{"embeddable":true,"href":"https:\/\/mendomedica.com\/medica\/wp-json\/wp\/v2\/media\/6366"}],"wp:attachment":[{"href":"https:\/\/mendomedica.com\/medica\/wp-json\/wp\/v2\/media?parent=6365"}],"wp:term":[{"taxonomy":"product_brand","embeddable":true,"href":"https:\/\/mendomedica.com\/medica\/wp-json\/wp\/v2\/product_brand?post=6365"},{"taxonomy":"product_cat","embeddable":true,"href":"https:\/\/mendomedica.com\/medica\/wp-json\/wp\/v2\/product_cat?post=6365"},{"taxonomy":"product_tag","embeddable":true,"href":"https:\/\/mendomedica.com\/medica\/wp-json\/wp\/v2\/product_tag?post=6365"}],"curies":[{"name":"wp","href":"https:\/\/api.w.org\/{rel}","templated":true}]}}