{"id":6379,"date":"2022-09-20T02:16:55","date_gmt":"2022-09-20T02:16:55","guid":{"rendered":"https:\/\/mendomedica.com\/medica\/?post_type=product&#038;p=6379"},"modified":"2022-09-20T02:28:24","modified_gmt":"2022-09-20T02:28:24","slug":"torre-pentax-imagina-hd-nueva","status":"publish","type":"product","link":"https:\/\/mendomedica.com\/medica\/producto\/torre-pentax-imagina-hd-nueva\/","title":{"rendered":"Torre Pentax Imagina (HD) (Nueva)"},"content":{"rendered":"<p><strong>Videoprocesador DE ALTA DEFINICION.<\/strong><br \/>\n<strong>Modelo IMAGINA EPK-5500c, Marca PENTAX.<\/strong><\/p>\n<p>El VERSA EPK-5500c posee una fuente de luz de led de 36 Watts de 350-400 lm.<br \/>\nCALIDAD DE IMAGEN HD: 900X720p<br \/>\nFUNCI\u00d3N DE GRABACI\u00d3N: Grabaci\u00f3n de im\u00e1genes fijas (Formato 900X720) y video (Formato AVI 720X576) en memoria USB o en disco duro externo.<br \/>\nREALCE DE IMAGEN: Realce de morfolog\u00eda de la mucosa, para aumentar la nitidez de las im\u00e1genes endosc\u00f3picas. El nivel de mejora del perfil tiene 4 pasos que se pueden elegir.<br \/>\nDIMENSIONES: Ancho X Alto X Profundidad: 452mm x 167mm x 456mm.<br \/>\nPESO: 11,5 Kg.<br \/>\nSALIDAS DE VIDEO: (1) DVI, (1) RGBS, (1) S-Video, (2) Video compuesto, 1 Conexi\u00f3n al teclado alfanum\u00e9rico, 1 Salida para conectar una memoria USB.<br \/>\nCONTROL DE GANANCIA: OFF, 1, 2 y 3<br \/>\nAJUSTE DE TONO DE COLOR: \u00abR\u00bb \u00abB\u00bb ajuste en 50 pasos<br \/>\nAJUSTE DE BRILLO: \u00abY\u00bb ajuste en 50 pasos<br \/>\nAJUSTE DE BALANCE DE BLANCOS: Si<br \/>\nCONGELAR\/SALVAR\/REVISAR IMAGEN: Si<br \/>\nL\u00c1MPARA: 36W LED (~350-400lm)<br \/>\nTEMPERATURA DE COLOR: 5500\u00b0K (4500~6500)<br \/>\nFLUJO DE AIRE: H\/L<br \/>\nBOMBA DE AIRE: 40-75kPa<br \/>\nVOLTAJE: 100~240VAC (\u00b110%)<\/p>\n<p><strong>Videogastroscopio, EG29-i10c (HD),<\/strong><br \/>\n<strong>Marca PENTAX<\/strong><\/p>\n<p>Conector de imagen y gu\u00eda de luz integrado.<br \/>\nDi\u00e1metro del tubo de Inserci\u00f3n de 9.6 mm, Di\u00e1metro canal de trabajo de 2.8 mm, Longitud de Trabajo de 1050 mm, Angulo de visi\u00f3n Arriba\/Abajo 210\u00b0 \/ 90\u00b0 Izq. \/Der. 100\u00b0\/100\u00b0, Visi\u00f3n Frontal, Angulo de Visi\u00f3n de 140\u00b0, Profundidad de Campo 3- 100 mm.<br \/>\nIncluyen accesorios est\u00e1ndar para limpieza y desinfecci\u00f3n.<\/p>\n<p><strong>Videocolonoscopio, EC38-i10cL (HD),<\/strong><br \/>\n<strong>Marca PENTAX<\/strong><\/p>\n<p>Conector de imagen y gu\u00eda de luz integrado.<br \/>\nDi\u00e1metro del tubo de Inserci\u00f3n de 12.8 mm, Di\u00e1metro canal de trabajo de 3.7 mm, Longitud de Trabajo de 1650 mm, Angulo de visi\u00f3n Arriba\/Abajo 180\u00b0 \/ 180\u00b0 Izq. \/Der. 160\u00b0\/160\u00b0, Visi\u00f3n Frontal, Angulo de Visi\u00f3n de 140\u00b0, Profundidad de Campo 3- 100 mm.<br \/>\nIncluyen accesorios est\u00e1ndar para limpieza y desinfecci\u00f3n.<\/p>\n","protected":false},"excerpt":{"rendered":"<p>Torre endoscopia digestiva definici\u00f3n HD. (Nueva).<\/p>\n","protected":false},"featured_media":6381,"comment_status":"open","ping_status":"closed","template":"","meta":[],"product_brand":[],"product_cat":[108,111],"product_tag":[],"class_list":{"0":"post-6379","1":"product","2":"type-product","3":"status-publish","4":"has-post-thumbnail","6":"product_cat-equipamiento","7":"product_cat-nuevo","9":"first","10":"instock","11":"shipping-taxable","12":"product-type-simple"},"_links":{"self":[{"href":"https:\/\/mendomedica.com\/medica\/wp-json\/wp\/v2\/product\/6379","targetHints":{"allow":["GET"]}}],"collection":[{"href":"https:\/\/mendomedica.com\/medica\/wp-json\/wp\/v2\/product"}],"about":[{"href":"https:\/\/mendomedica.com\/medica\/wp-json\/wp\/v2\/types\/product"}],"replies":[{"embeddable":true,"href":"https:\/\/mendomedica.com\/medica\/wp-json\/wp\/v2\/comments?post=6379"}],"wp:featuredmedia":[{"embeddable":true,"href":"https:\/\/mendomedica.com\/medica\/wp-json\/wp\/v2\/media\/6381"}],"wp:attachment":[{"href":"https:\/\/mendomedica.com\/medica\/wp-json\/wp\/v2\/media?parent=6379"}],"wp:term":[{"taxonomy":"product_brand","embeddable":true,"href":"https:\/\/mendomedica.com\/medica\/wp-json\/wp\/v2\/product_brand?post=6379"},{"taxonomy":"product_cat","embeddable":true,"href":"https:\/\/mendomedica.com\/medica\/wp-json\/wp\/v2\/product_cat?post=6379"},{"taxonomy":"product_tag","embeddable":true,"href":"https:\/\/mendomedica.com\/medica\/wp-json\/wp\/v2\/product_tag?post=6379"}],"curies":[{"name":"wp","href":"https:\/\/api.w.org\/{rel}","templated":true}]}}