{"id":6383,"date":"2022-09-20T02:34:48","date_gmt":"2022-09-20T02:34:48","guid":{"rendered":"https:\/\/mendomedica.com\/medica\/?post_type=product&#038;p=6383"},"modified":"2022-09-20T02:38:54","modified_gmt":"2022-09-20T02:38:54","slug":"torre-pentax-defina-epk-3000-hd-nueva","status":"publish","type":"product","link":"https:\/\/mendomedica.com\/medica\/producto\/torre-pentax-defina-epk-3000-hd-nueva\/","title":{"rendered":"Torre Pentax Defina Epk-3000 (HD) (Nueva)"},"content":{"rendered":"<p><strong>Videoprocesador DE ALTA DEFINICION.<\/strong><br \/>\n<strong>Modelo DEFINA , Epk-3000, Marca PENTAX.<\/strong><\/p>\n<p>&nbsp;<\/p>\n<p>Entre en el mundo de la endoscopia en alta definici\u00f3n con soluciones flexibles para su uso en la pr\u00e1ctica cl\u00ednica.<\/p>\n<p>Tecnolog\u00eda de endoscopia de alta definici\u00f3n HD que le permite elegir.<\/p>\n<p>El videoprocesador de alta definici\u00f3n DEFINA EPK-3000 ofrece una plataforma flexible que le permite seleccionar el nivel de tecnolog\u00eda m\u00e1s adecuado para satisfacer sus necesidades cl\u00ednicas y econ\u00f3micas.<\/p>\n<p>La soluci\u00f3n DEFINA HD proporciona im\u00e1genes HD con la misma alta calidad para todas las especialidades, ya sea gastroenterolog\u00eda, ecoendoscopia, neumolog\u00eda u ORL. Adem\u00e1s, tambi\u00e9n tiene la posibilidad de incluir nuestro software de mejora de imagen i-scan, tanto ahora como m\u00e1s adelante.<\/p>\n<p>Si est\u00e1 pensando en modernizar su sistema de endoscopia a uno de alta definici\u00f3n con el que pueda explorar los beneficios de la tecnolog\u00eda de mejora de imagen, el videoprocesador DEFINA EPK-3000 le permite crear de forma flexible el sistema de endoscopia \u00f3ptimo para su centro.<\/p>\n<p><strong>Gastroscopios<\/strong><\/p>\n<p>EG-2490K<br \/>\nEG-2790K<br \/>\nEG-2990K<br \/>\nEG-3490K<br \/>\n<strong>Colonoscopios<\/strong><br \/>\nEC-3490LK<br \/>\nEC-3490FK<br \/>\nEC-3890LK<\/p>\n<p><strong><a href=\"http:\/\/www.definasystem.com\/\" target=\"_blank\" rel=\"noopener\">www.definasystem.com\/<\/a><\/strong><\/p>\n","protected":false},"excerpt":{"rendered":"<p>Torre endoscopia digestiva definici\u00f3n HD. (Nueva).<\/p>\n","protected":false},"featured_media":6384,"comment_status":"open","ping_status":"closed","template":"","meta":[],"product_brand":[],"product_cat":[108,111],"product_tag":[],"class_list":{"0":"post-6383","1":"product","2":"type-product","3":"status-publish","4":"has-post-thumbnail","6":"product_cat-equipamiento","7":"product_cat-nuevo","9":"first","10":"instock","11":"shipping-taxable","12":"product-type-simple"},"_links":{"self":[{"href":"https:\/\/mendomedica.com\/medica\/wp-json\/wp\/v2\/product\/6383","targetHints":{"allow":["GET"]}}],"collection":[{"href":"https:\/\/mendomedica.com\/medica\/wp-json\/wp\/v2\/product"}],"about":[{"href":"https:\/\/mendomedica.com\/medica\/wp-json\/wp\/v2\/types\/product"}],"replies":[{"embeddable":true,"href":"https:\/\/mendomedica.com\/medica\/wp-json\/wp\/v2\/comments?post=6383"}],"wp:featuredmedia":[{"embeddable":true,"href":"https:\/\/mendomedica.com\/medica\/wp-json\/wp\/v2\/media\/6384"}],"wp:attachment":[{"href":"https:\/\/mendomedica.com\/medica\/wp-json\/wp\/v2\/media?parent=6383"}],"wp:term":[{"taxonomy":"product_brand","embeddable":true,"href":"https:\/\/mendomedica.com\/medica\/wp-json\/wp\/v2\/product_brand?post=6383"},{"taxonomy":"product_cat","embeddable":true,"href":"https:\/\/mendomedica.com\/medica\/wp-json\/wp\/v2\/product_cat?post=6383"},{"taxonomy":"product_tag","embeddable":true,"href":"https:\/\/mendomedica.com\/medica\/wp-json\/wp\/v2\/product_tag?post=6383"}],"curies":[{"name":"wp","href":"https:\/\/api.w.org\/{rel}","templated":true}]}}