{"id":6387,"date":"2022-09-20T02:41:54","date_gmt":"2022-09-20T02:41:54","guid":{"rendered":"https:\/\/mendomedica.com\/medica\/?post_type=product&#038;p=6387"},"modified":"2022-09-20T02:44:10","modified_gmt":"2022-09-20T02:44:10","slug":"torre-pentax-epki-7010-hd-nueva","status":"publish","type":"product","link":"https:\/\/mendomedica.com\/medica\/producto\/torre-pentax-epki-7010-hd-nueva\/","title":{"rendered":"Torre Pentax Epki-7010 (HD) (Nueva)"},"content":{"rendered":"<p><strong>Videoprocesador de Alta Definici\u00f3n<\/strong><br \/>\n<strong>PENTAX EPK-i 7010<\/strong><\/p>\n<p>Fuente de Luz 300 Watt de Xen\u00f3n<br \/>\nSoftware interno actualizable.<br \/>\nSistema de filtros electr\u00f3nicos I-scan para detecci\u00f3n de im\u00e1genes en 3 D<br \/>\nOptimizaci\u00f3n de im\u00e1genes y funciones en uso de los endoscopios de CCD de Color de la<br \/>\nSerie-Kp y 70K, 80K, 90K y 90i\/i10\/K10<br \/>\nModo \u201cFreeze\u201d Picture in Picture.<br \/>\nBomba de aire de 5 niveles<br \/>\nPalanca de bloqueo del endoscopio<br \/>\nIndicador de Vida de la L\u00e1mpara<br \/>\n1 Salida DVI, 1 Salida RGB\u00b4s, 2 Y\/C, 1 Video compuesto.<br \/>\nConector Serial, Cable AC.<br \/>\nAlmacenamiento de im\u00e1genes en memoria Flash hasta 16Gb. Mediante puerto USB.<br \/>\nConector RJ45 (LAN)<br \/>\n3 Salidas para control remoto<br \/>\n1 Entrada para pedal. (Pedal Opcional)<br \/>\nRegulaci\u00f3n de Rojo\/Azul de 11 niveles.<br \/>\nRealce de contraste, control de color, control de iluminaci\u00f3n.<br \/>\nCompatibilidad con amplia gama de endoscopios PENTAX<\/p>\n<p>21.5kg<\/p>\n<p>&nbsp;<\/p>\n<p>&nbsp;<\/p>\n<p>&nbsp;<\/p>\n<p>&nbsp;<\/p>\n","protected":false},"excerpt":{"rendered":"<p>Torre endoscopia digestiva definici\u00f3n HD.<\/p>\n","protected":false},"featured_media":6388,"comment_status":"open","ping_status":"closed","template":"","meta":[],"product_brand":[],"product_cat":[108,111],"product_tag":[],"class_list":{"0":"post-6387","1":"product","2":"type-product","3":"status-publish","4":"has-post-thumbnail","6":"product_cat-equipamiento","7":"product_cat-nuevo","9":"first","10":"instock","11":"shipping-taxable","12":"product-type-simple"},"_links":{"self":[{"href":"https:\/\/mendomedica.com\/medica\/wp-json\/wp\/v2\/product\/6387","targetHints":{"allow":["GET"]}}],"collection":[{"href":"https:\/\/mendomedica.com\/medica\/wp-json\/wp\/v2\/product"}],"about":[{"href":"https:\/\/mendomedica.com\/medica\/wp-json\/wp\/v2\/types\/product"}],"replies":[{"embeddable":true,"href":"https:\/\/mendomedica.com\/medica\/wp-json\/wp\/v2\/comments?post=6387"}],"wp:featuredmedia":[{"embeddable":true,"href":"https:\/\/mendomedica.com\/medica\/wp-json\/wp\/v2\/media\/6388"}],"wp:attachment":[{"href":"https:\/\/mendomedica.com\/medica\/wp-json\/wp\/v2\/media?parent=6387"}],"wp:term":[{"taxonomy":"product_brand","embeddable":true,"href":"https:\/\/mendomedica.com\/medica\/wp-json\/wp\/v2\/product_brand?post=6387"},{"taxonomy":"product_cat","embeddable":true,"href":"https:\/\/mendomedica.com\/medica\/wp-json\/wp\/v2\/product_cat?post=6387"},{"taxonomy":"product_tag","embeddable":true,"href":"https:\/\/mendomedica.com\/medica\/wp-json\/wp\/v2\/product_tag?post=6387"}],"curies":[{"name":"wp","href":"https:\/\/api.w.org\/{rel}","templated":true}]}}